{"id":9,"date":"2018-06-18T16:58:14","date_gmt":"2018-06-18T14:58:14","guid":{"rendered":"http:\/\/compagnie-du-triporteur.org\/?page_id=9"},"modified":"2026-01-27T17:17:49","modified_gmt":"2026-01-27T16:17:49","slug":"contact","status":"publish","type":"page","link":"https:\/\/compagnie-du-triporteur.org\/index.php\/contact\/","title":{"rendered":"Contact"},"content":{"rendered":"<div class=\"wp-block-image\">\n<figure class=\"aligncenter size-large is-resized\"><img loading=\"lazy\" decoding=\"async\" width=\"1024\" height=\"1024\" src=\"https:\/\/compagnie-du-triporteur.org\/wp-content\/uploads\/2025\/05\/nouveau-logo-compagnie-du-triporteur-version-web-1024x1024.png\" alt=\"Logo Compagnie du Triporteur\" class=\"wp-image-508\" style=\"width:494px;height:auto\" srcset=\"https:\/\/compagnie-du-triporteur.org\/wp-content\/uploads\/2025\/05\/nouveau-logo-compagnie-du-triporteur-version-web-1024x1024.png 1024w, https:\/\/compagnie-du-triporteur.org\/wp-content\/uploads\/2025\/05\/nouveau-logo-compagnie-du-triporteur-version-web-300x300.png 300w, https:\/\/compagnie-du-triporteur.org\/wp-content\/uploads\/2025\/05\/nouveau-logo-compagnie-du-triporteur-version-web-150x150.png 150w, https:\/\/compagnie-du-triporteur.org\/wp-content\/uploads\/2025\/05\/nouveau-logo-compagnie-du-triporteur-version-web-768x768.png 768w, https:\/\/compagnie-du-triporteur.org\/wp-content\/uploads\/2025\/05\/nouveau-logo-compagnie-du-triporteur-version-web.png 1181w\" sizes=\"auto, (max-width: 1024px) 100vw, 1024px\" \/><\/figure><\/div>\n\n\n<p class=\"has-text-align-center\"><strong>Association Enchantant<\/strong><br>Maison des Associations<br>27 rue Jean Bart<br>59000 LILLE<br><strong>Tel :<\/strong> +33 (0)7 63 99 83 78<br><strong>SIRET : <\/strong>488 104 480 00048 <strong>APE :<\/strong> 9001Z<br><a href=\"http:\/\/www.compagnie-du-triporteur.org\"><strong>www.compagnie-du-triporteur.org<\/strong><\/a><br><strong><a href=\"mailto:contact@compagnie-du-triporteur.org\" target=\"_blank\" rel=\"noreferrer noopener nofollow\">contact@compagnie-du-triporteur.org<\/a><\/strong><\/p>\n\n\n\n<p class=\"has-text-align-center\"><em>Association d\u00e9clar\u00e9e en pr\u00e9fecture du Nord<br>sous le num\u00e9ro W59<\/em>5004784.<br><em>Licence d&rsquo;entrepreneur de spectacles en cours de validit\u00e9<\/em><br><em>PLATESV-R-2022-011915<\/em>.<br><\/p>\n\n\n\n<div style=\"text-align:center;\"><div style=\"margin:8px 0px 4px;\"><a href=\"https:\/\/www.calameo.com\/books\/0081395007b2de3b1ed96\" target=\"_blank\" rel=\"noopener\">Catalogue 2026<\/a><\/div><iframe loading=\"lazy\" src=\"\/\/v.calameo.com\/?bkcode=0081395007b2de3b1ed96&#038;mode=mini\" width=\"480\" height=\"300\" frameborder=\"0\" scrolling=\"no\" allowtransparency allowfullscreen style=\"margin:0 auto;\"><\/iframe><div style=\"margin:4px 0px 8px;\"><\/div><\/div>\n\n\n\n<p><\/p>\n","protected":false},"excerpt":{"rendered":"<p>Association EnchantantMaison des Associations27 rue Jean Bart59000 LILLETel : +33 (0)7 63 99 83 78SIRET : 488 104 480 00048 APE : 9001Zwww.compagnie-du-triporteur.orgcontact@compagnie-du-triporteur.org Association d\u00e9clar\u00e9e en pr\u00e9fecture du Nordsous le num\u00e9ro W595004784.Licence d&rsquo;entrepreneur de spectacles en cours de validit\u00e9PLATESV-R-2022-011915. Catalogue 2026<\/p>\n","protected":false},"author":1,"featured_media":13,"parent":0,"menu_order":0,"comment_status":"closed","ping_status":"closed","template":"","meta":{"footnotes":""},"class_list":["post-9","page","type-page","status-publish","has-post-thumbnail","hentry"],"_links":{"self":[{"href":"https:\/\/compagnie-du-triporteur.org\/index.php\/wp-json\/wp\/v2\/pages\/9","targetHints":{"allow":["GET"]}}],"collection":[{"href":"https:\/\/compagnie-du-triporteur.org\/index.php\/wp-json\/wp\/v2\/pages"}],"about":[{"href":"https:\/\/compagnie-du-triporteur.org\/index.php\/wp-json\/wp\/v2\/types\/page"}],"author":[{"embeddable":true,"href":"https:\/\/compagnie-du-triporteur.org\/index.php\/wp-json\/wp\/v2\/users\/1"}],"replies":[{"embeddable":true,"href":"https:\/\/compagnie-du-triporteur.org\/index.php\/wp-json\/wp\/v2\/comments?post=9"}],"version-history":[{"count":21,"href":"https:\/\/compagnie-du-triporteur.org\/index.php\/wp-json\/wp\/v2\/pages\/9\/revisions"}],"predecessor-version":[{"id":528,"href":"https:\/\/compagnie-du-triporteur.org\/index.php\/wp-json\/wp\/v2\/pages\/9\/revisions\/528"}],"wp:featuredmedia":[{"embeddable":true,"href":"https:\/\/compagnie-du-triporteur.org\/index.php\/wp-json\/wp\/v2\/media\/13"}],"wp:attachment":[{"href":"https:\/\/compagnie-du-triporteur.org\/index.php\/wp-json\/wp\/v2\/media?parent=9"}],"curies":[{"name":"wp","href":"https:\/\/api.w.org\/{rel}","templated":true}]}}