{"id":7,"date":"2018-06-18T16:58:14","date_gmt":"2018-06-18T14:58:14","guid":{"rendered":"http:\/\/compagnie-du-triporteur.org\/?page_id=7"},"modified":"2025-05-19T13:37:08","modified_gmt":"2025-05-19T11:37:08","slug":"accueil","status":"publish","type":"page","link":"https:\/\/compagnie-du-triporteur.org\/","title":{"rendered":"Accueil"},"content":{"rendered":"\n<p>La compagnie du triporteur propose des spectacles musicaux tout public depuis plus de 10 ans. Elle livre &nbsp;en triporteur sur le territoire de la M\u00e9tropole Europ\u00e9enne de Lille dans la mesure du possible. Le dernier n\u00e9 de la compagnie <strong><a href=\"https:\/\/compagnie-du-triporteur.org\/index.php\/2023\/12\/17\/spectacle-a-velo\/\">Le Grand Orchestre de Chambre \u00e0 Air<\/a><\/strong> est une balade spectacle \u00e0 v\u00e9lo tout public. Ces joyeux cyclistes emm\u00e8neront le public \u00e0 v\u00e9lo avec leurs compositions originales sur le v\u00e9lo.<\/p>\n\n\n\n<p><a href=\"https:\/\/compagnie-du-triporteur.org\/index.php\/2020\/07\/18\/orgue-de-barbarie-marcel-la-manivelle-spectacle-de-rue-velo-triporteur\/\"><strong>Marcel La Manivelle<\/strong><\/a>&nbsp; met en sc\u00e8ne une machine infernale : le triporteur de barbarie pilot\u00e9e par un personnage un peu loufoque. Avec un r\u00e9pertoire de chansons sur le v\u00e9lo, Marcel est tout d\u00e9sign\u00e9 pour mettre l&rsquo;ambiance dans vos \u00e9v\u00e9nements autour du v\u00e9lo.<\/p>\n\n\n\n<p><a href=\"https:\/\/compagnie-du-triporteur.org\/index.php\/2020\/09\/15\/spectacle-musical-de-rue-jeune-public-olpj\/\"><strong>Olivier, le petit jardinier<\/strong><\/a> saura ravir les enfants en leur proposant une promenade en triporteur \u00e0 l\u2019issue de la repr\u00e9sentation.<\/p>\n\n\n\n<p>No\u00ebl chante No\u00ebl saura \u00e9gayer les march\u00e9s de No\u00ebl en fin d&rsquo;ann\u00e9e.<\/p>\n\n\n\n<h2 class=\"wp-block-heading\">Le spectacle de rue qui s&rsquo;adapte \u00e0 vos \u00e9v\u00e9nements<\/h2>\n\n\n\n<p>Nous pouvons jouer nos spectacles dans les festivals, les f\u00eates du v\u00e9lo, les parcs, les jardins,  les \u00e9coles, les f\u00eates de quartier, les \u00e9v\u00e9nements sportifs, les foires, brocantes et march\u00e9s ainsi que  tous les \u00e9v\u00e9nements qui font une petite place \u00e0 l&rsquo;animation de rue. Nos cr\u00e9ations sont toujours empreintes de r\u00eave, d&rsquo;humour, de musique et <strong>de v\u00e9los<\/strong>.<\/p>\n\n\n<div class=\"wp-block-image\">\n<figure class=\"aligncenter size-large is-resized\"><img loading=\"lazy\" decoding=\"async\" width=\"1024\" height=\"1024\" src=\"https:\/\/compagnie-du-triporteur.org\/wp-content\/uploads\/2025\/05\/nouveau-logo-compagnie-du-triporteur-version-web-1024x1024.png\" alt=\"Logo Compagnie du Triporteur\" class=\"wp-image-508\" style=\"object-fit:cover;width:400px;height:400px\" srcset=\"https:\/\/compagnie-du-triporteur.org\/wp-content\/uploads\/2025\/05\/nouveau-logo-compagnie-du-triporteur-version-web-1024x1024.png 1024w, https:\/\/compagnie-du-triporteur.org\/wp-content\/uploads\/2025\/05\/nouveau-logo-compagnie-du-triporteur-version-web-300x300.png 300w, https:\/\/compagnie-du-triporteur.org\/wp-content\/uploads\/2025\/05\/nouveau-logo-compagnie-du-triporteur-version-web-150x150.png 150w, https:\/\/compagnie-du-triporteur.org\/wp-content\/uploads\/2025\/05\/nouveau-logo-compagnie-du-triporteur-version-web-768x768.png 768w, https:\/\/compagnie-du-triporteur.org\/wp-content\/uploads\/2025\/05\/nouveau-logo-compagnie-du-triporteur-version-web.png 1181w\" sizes=\"auto, (max-width: 1024px) 100vw, 1024px\" \/><\/figure><\/div>","protected":false},"excerpt":{"rendered":"<p>La compagnie du triporteur propose des spectacles musicaux tout public depuis plus de 10 ans. Elle livre &nbsp;en triporteur sur le territoire de la M\u00e9tropole Europ\u00e9enne de Lille dans la mesure du possible. Le dernier n\u00e9 de la compagnie Le Grand Orchestre de Chambre \u00e0 Air est une balade spectacle \u00e0 v\u00e9lo tout public. Ces [&hellip;]<\/p>\n","protected":false},"author":1,"featured_media":0,"parent":0,"menu_order":0,"comment_status":"closed","ping_status":"closed","template":"","meta":{"footnotes":""},"class_list":["post-7","page","type-page","status-publish","hentry"],"_links":{"self":[{"href":"https:\/\/compagnie-du-triporteur.org\/index.php\/wp-json\/wp\/v2\/pages\/7","targetHints":{"allow":["GET"]}}],"collection":[{"href":"https:\/\/compagnie-du-triporteur.org\/index.php\/wp-json\/wp\/v2\/pages"}],"about":[{"href":"https:\/\/compagnie-du-triporteur.org\/index.php\/wp-json\/wp\/v2\/types\/page"}],"author":[{"embeddable":true,"href":"https:\/\/compagnie-du-triporteur.org\/index.php\/wp-json\/wp\/v2\/users\/1"}],"replies":[{"embeddable":true,"href":"https:\/\/compagnie-du-triporteur.org\/index.php\/wp-json\/wp\/v2\/comments?post=7"}],"version-history":[{"count":12,"href":"https:\/\/compagnie-du-triporteur.org\/index.php\/wp-json\/wp\/v2\/pages\/7\/revisions"}],"predecessor-version":[{"id":509,"href":"https:\/\/compagnie-du-triporteur.org\/index.php\/wp-json\/wp\/v2\/pages\/7\/revisions\/509"}],"wp:attachment":[{"href":"https:\/\/compagnie-du-triporteur.org\/index.php\/wp-json\/wp\/v2\/media?parent=7"}],"curies":[{"name":"wp","href":"https:\/\/api.w.org\/{rel}","templated":true}]}}